{"id":121,"date":"2022-05-13T01:46:15","date_gmt":"2022-05-13T01:46:15","guid":{"rendered":"http:\/\/bildo.ca\/vitra\/?page_id=121"},"modified":"2026-03-12T00:19:53","modified_gmt":"2026-03-12T00:19:53","slug":"nos-services","status":"publish","type":"page","link":"https:\/\/www.lasolution-menager.com\/en\/nos-services\/","title":{"rendered":"OUR SERVICES"},"content":{"rendered":"","protected":false},"excerpt":{"rendered":"","protected":false},"author":1,"featured_media":0,"parent":0,"menu_order":0,"comment_status":"open","ping_status":"open","template":"","meta":{"footnotes":""},"class_list":["post-121","page","type-page","status-publish","hentry"],"yoast_head":"<!-- This site is optimized with the Yoast SEO plugin v27.1.1 - https:\/\/yoast.com\/product\/yoast-seo-wordpress\/ -->\n<title>NOS SERVICES - Service de m\u00e9nage \u00e0 Boucherville | M\u00e9nage r\u00e9sidentiel et commercial | La Solution M\u00e9nager<\/title>\n<meta name=\"description\" content=\"D\u00e9couvrez les services de m\u00e9nage professionnels de La Solution M\u00e9nager \u00e0 Boucherville : grand m\u00e9nage, m\u00e9nage r\u00e9gulier, lavage de fen\u00eatres et nettoyage commercial pour maisons et entreprises sur la Rive-Sud.\" \/>\n<meta name=\"robots\" content=\"index, follow, max-snippet:-1, max-image-preview:large, max-video-preview:-1\" \/>\n<link rel=\"canonical\" href=\"https:\/\/www.lasolution-menager.com\/en\/nos-services\/\" \/>\n<meta property=\"og:locale\" content=\"en_US\" \/>\n<meta property=\"og:type\" content=\"article\" \/>\n<meta property=\"og:title\" content=\"NOS SERVICES - Service de m\u00e9nage \u00e0 Boucherville | M\u00e9nage r\u00e9sidentiel et commercial | La Solution M\u00e9nager\" \/>\n<meta property=\"og:description\" content=\"D\u00e9couvrez les services de m\u00e9nage professionnels de La Solution M\u00e9nager \u00e0 Boucherville : grand m\u00e9nage, m\u00e9nage r\u00e9gulier, lavage de fen\u00eatres et nettoyage commercial pour maisons et entreprises sur la Rive-Sud.\" \/>\n<meta property=\"og:url\" content=\"https:\/\/www.lasolution-menager.com\/en\/nos-services\/\" \/>\n<meta property=\"og:site_name\" content=\"Service de m\u00e9nage \u00e0 Boucherville | M\u00e9nage r\u00e9sidentiel et commercial | La Solution M\u00e9nager\" \/>\n<meta property=\"article:modified_time\" content=\"2026-03-12T00:19:53+00:00\" \/>\n<meta name=\"twitter:card\" content=\"summary_large_image\" \/>\n<script type=\"application\/ld+json\" class=\"yoast-schema-graph\">{\"@context\":\"https:\/\/schema.org\",\"@graph\":[{\"@type\":\"WebPage\",\"@id\":\"https:\/\/www.lasolution-menager.com\/nos-services\/\",\"url\":\"https:\/\/www.lasolution-menager.com\/nos-services\/\",\"name\":\"NOS SERVICES - Service de m\u00e9nage \u00e0 Boucherville | M\u00e9nage r\u00e9sidentiel et commercial | La Solution M\u00e9nager\",\"isPartOf\":{\"@id\":\"https:\/\/www.lasolution-menager.com\/#website\"},\"datePublished\":\"2022-05-13T01:46:15+00:00\",\"dateModified\":\"2026-03-12T00:19:53+00:00\",\"description\":\"D\u00e9couvrez les services de m\u00e9nage professionnels de La Solution M\u00e9nager \u00e0 Boucherville : grand m\u00e9nage, m\u00e9nage r\u00e9gulier, lavage de fen\u00eatres et nettoyage commercial pour maisons et entreprises sur la Rive-Sud.\",\"breadcrumb\":{\"@id\":\"https:\/\/www.lasolution-menager.com\/nos-services\/#breadcrumb\"},\"inLanguage\":\"en-CA\",\"potentialAction\":[{\"@type\":\"ReadAction\",\"target\":[\"https:\/\/www.lasolution-menager.com\/nos-services\/\"]}]},{\"@type\":\"BreadcrumbList\",\"@id\":\"https:\/\/www.lasolution-menager.com\/nos-services\/#breadcrumb\",\"itemListElement\":[{\"@type\":\"ListItem\",\"position\":1,\"name\":\"Home\",\"item\":\"https:\/\/www.lasolution-menager.com\/\"},{\"@type\":\"ListItem\",\"position\":2,\"name\":\"NOS SERVICES\"}]},{\"@type\":\"WebSite\",\"@id\":\"https:\/\/www.lasolution-menager.com\/#website\",\"url\":\"https:\/\/www.lasolution-menager.com\/\",\"name\":\"Service de m\u00e9nage \u00e0 Boucherville | M\u00e9nage r\u00e9sidentiel et commercial | La Solution M\u00e9nager\",\"description\":\"\",\"potentialAction\":[{\"@type\":\"SearchAction\",\"target\":{\"@type\":\"EntryPoint\",\"urlTemplate\":\"https:\/\/www.lasolution-menager.com\/?s={search_term_string}\"},\"query-input\":{\"@type\":\"PropertyValueSpecification\",\"valueRequired\":true,\"valueName\":\"search_term_string\"}}],\"inLanguage\":\"en-CA\"}]}<\/script>\n<!-- \/ Yoast SEO plugin. -->","yoast_head_json":{"title":"NOS SERVICES - Service de m\u00e9nage \u00e0 Boucherville | M\u00e9nage r\u00e9sidentiel et commercial | La Solution M\u00e9nager","description":"D\u00e9couvrez les services de m\u00e9nage professionnels de La Solution M\u00e9nager \u00e0 Boucherville : grand m\u00e9nage, m\u00e9nage r\u00e9gulier, lavage de fen\u00eatres et nettoyage commercial pour maisons et entreprises sur la Rive-Sud.","robots":{"index":"index","follow":"follow","max-snippet":"max-snippet:-1","max-image-preview":"max-image-preview:large","max-video-preview":"max-video-preview:-1"},"canonical":"https:\/\/www.lasolution-menager.com\/en\/nos-services\/","og_locale":"en_US","og_type":"article","og_title":"NOS SERVICES - Service de m\u00e9nage \u00e0 Boucherville | M\u00e9nage r\u00e9sidentiel et commercial | La Solution M\u00e9nager","og_description":"D\u00e9couvrez les services de m\u00e9nage professionnels de La Solution M\u00e9nager \u00e0 Boucherville : grand m\u00e9nage, m\u00e9nage r\u00e9gulier, lavage de fen\u00eatres et nettoyage commercial pour maisons et entreprises sur la Rive-Sud.","og_url":"https:\/\/www.lasolution-menager.com\/en\/nos-services\/","og_site_name":"Service de m\u00e9nage \u00e0 Boucherville | M\u00e9nage r\u00e9sidentiel et commercial | La Solution M\u00e9nager","article_modified_time":"2026-03-12T00:19:53+00:00","twitter_card":"summary_large_image","schema":{"@context":"https:\/\/schema.org","@graph":[{"@type":"WebPage","@id":"https:\/\/www.lasolution-menager.com\/nos-services\/","url":"https:\/\/www.lasolution-menager.com\/nos-services\/","name":"NOS SERVICES - Service de m\u00e9nage \u00e0 Boucherville | M\u00e9nage r\u00e9sidentiel et commercial | La Solution M\u00e9nager","isPartOf":{"@id":"https:\/\/www.lasolution-menager.com\/#website"},"datePublished":"2022-05-13T01:46:15+00:00","dateModified":"2026-03-12T00:19:53+00:00","description":"D\u00e9couvrez les services de m\u00e9nage professionnels de La Solution M\u00e9nager \u00e0 Boucherville : grand m\u00e9nage, m\u00e9nage r\u00e9gulier, lavage de fen\u00eatres et nettoyage commercial pour maisons et entreprises sur la Rive-Sud.","breadcrumb":{"@id":"https:\/\/www.lasolution-menager.com\/nos-services\/#breadcrumb"},"inLanguage":"en-CA","potentialAction":[{"@type":"ReadAction","target":["https:\/\/www.lasolution-menager.com\/nos-services\/"]}]},{"@type":"BreadcrumbList","@id":"https:\/\/www.lasolution-menager.com\/nos-services\/#breadcrumb","itemListElement":[{"@type":"ListItem","position":1,"name":"Home","item":"https:\/\/www.lasolution-menager.com\/"},{"@type":"ListItem","position":2,"name":"NOS SERVICES"}]},{"@type":"WebSite","@id":"https:\/\/www.lasolution-menager.com\/#website","url":"https:\/\/www.lasolution-menager.com\/","name":"Service de m\u00e9nage \u00e0 Boucherville | M\u00e9nage r\u00e9sidentiel et commercial | La Solution M\u00e9nager","description":"","potentialAction":[{"@type":"SearchAction","target":{"@type":"EntryPoint","urlTemplate":"https:\/\/www.lasolution-menager.com\/?s={search_term_string}"},"query-input":{"@type":"PropertyValueSpecification","valueRequired":true,"valueName":"search_term_string"}}],"inLanguage":"en-CA"}]}},"_links":{"self":[{"href":"https:\/\/www.lasolution-menager.com\/en\/wp-json\/wp\/v2\/pages\/121","targetHints":{"allow":["GET"]}}],"collection":[{"href":"https:\/\/www.lasolution-menager.com\/en\/wp-json\/wp\/v2\/pages"}],"about":[{"href":"https:\/\/www.lasolution-menager.com\/en\/wp-json\/wp\/v2\/types\/page"}],"author":[{"embeddable":true,"href":"https:\/\/www.lasolution-menager.com\/en\/wp-json\/wp\/v2\/users\/1"}],"replies":[{"embeddable":true,"href":"https:\/\/www.lasolution-menager.com\/en\/wp-json\/wp\/v2\/comments?post=121"}],"version-history":[{"count":2,"href":"https:\/\/www.lasolution-menager.com\/en\/wp-json\/wp\/v2\/pages\/121\/revisions"}],"predecessor-version":[{"id":659,"href":"https:\/\/www.lasolution-menager.com\/en\/wp-json\/wp\/v2\/pages\/121\/revisions\/659"}],"wp:attachment":[{"href":"https:\/\/www.lasolution-menager.com\/en\/wp-json\/wp\/v2\/media?parent=121"}],"curies":[{"name":"wp","href":"https:\/\/api.w.org\/{rel}","templated":true}]}}