{"id":432,"date":"2023-10-08T00:06:59","date_gmt":"2023-10-08T00:06:59","guid":{"rendered":"https:\/\/www.entretientapisrouge.com\/?page_id=432"},"modified":"2025-05-24T02:42:21","modified_gmt":"2025-05-24T02:42:21","slug":"politique-de-confidentialite","status":"publish","type":"page","link":"https:\/\/www.lasolution-menager.com\/en\/politique-de-confidentialite\/","title":{"rendered":"Privacy Policy"},"content":{"rendered":"<div id=\"wb_page56Text1\"><span id=\"wb_uid10\"><strong>Introduction<\/strong><br \/>\n<\/span><\/div>\n<div><span id=\"wb_uid10\">Faced with the development of new communication tools, it is necessary to pay particular attention to the protection of privacy. This is why we are committed to respecting the confidentiality of the personal information we collect.<\/span><\/div>\n<div><\/div>\n<div><strong>Collection of personal information<\/strong><\/div>\n<div>We collect the following information:<\/div>\n<div>Name<br \/>\nFirst name<br \/>\nPostal address<br \/>\nPostal code<br \/>\nE-mail address<br \/>\nPhone number<\/div>\n<div><\/div>\n<div>The personal information we collect is collected through forms and through the interactivity established between you and our website. We also use, as indicated in the following section, cookies and\/or log files to gather information about you.<\/div>\n<div>Forms and interactivity:<\/div>\n<div>Vos renseignements personnels sont collect\u00e9s par le biais de formulaire, \u00e0 savoir\u00a0:Formulaire d&rsquo;inscription au site Web<\/div>\n<div>We use the information collected in this way for the following purposes:<\/div>\n<div><\/div>\n<div>Contact<\/div>\n<div>\n<p>Vos renseignements sont \u00e9galement collect\u00e9s par le biais de l&rsquo;interactivit\u00e9 pouvant s&rsquo;\u00e9tablir entre vous et notre site Web et ce, de la fa\u00e7on suivante:Contact<\/p>\n<p>We use the information collected in this way for the following purposes:<\/p>\n<p>Log files and cookies<\/p>\n<p>We collect certain information through log files and cookies. This mainly concerns the following information:<\/p>\n<p>Ip address<\/p>\n<p>The use of such files allows us:<\/p>\n<p><strong>Right of opposition and withdrawal<\/strong><\/p>\n<p>We are committed to offering you the right to object and withdraw your personal information.<\/p>\n<\/div>\n<div>Le droit d&rsquo;opposition s&rsquo;entend comme \u00e9tant la possibilit\u00e9 offerte aux internautes de refuser que leurs renseignements personnels soient utilis\u00e9es \u00e0 certaines fins mentionn\u00e9es lors de la collecte.Le droit de retrait s&rsquo;entend comme \u00e9tant la possibilit\u00e9 offerte aux internautes de demander \u00e0 ce que leurs renseignements personnels ne figurent plus, par exemple, dans une liste de diffusion.<\/div>\n<div><\/div>\n<div><\/div>\n<div><strong>To exercise these rights, you can:<\/strong><\/div>\n<div><span id=\"wb_uid10\">Adresse : Montr\u00e9al (Qu\u00e9bec) Canada<br \/>\nCourriel : <a href=\"mailto:la************@***il.com\" data-original-string=\"\/EzjjdgVxc9Bgf5Q4jcAXw==e75Otxn7cI8VNgcEUYj9NnmXjNmws1fOE+b8cmFwquRe70=\" title=\"This contact has been encoded by Anti-Spam by CleanTalk. Click to decode. To finish the decoding make sure that JavaScript is enabled in your browser.\"><span \n                data-original-string='Ve7ypMcnBq9Gdfc0J00j6g==e75Fcdij4eiJOe6xHFcR5C09mDWwwjd+gzfXpXw1KCplTg='\n                class='apbct-email-encoder'\n                title='This contact has been encoded by Anti-Spam by CleanTalk. Click to decode. To finish the decoding make sure that JavaScript is enabled in your browser.'>la<span class=\"apbct-blur\">************<\/span>@<span class=\"apbct-blur\">***<\/span>il.com<\/span><\/a><br \/>\nT\u00e9l\u00e9phone : <a href=\"tel:+14385256332\">(438) 525-6332<\/a><br \/>\nSection du site web\u00a0: https:\/\/www.lasolution-menager.com\/<\/span><\/div>\n<div><\/div>\n<div>\n<p><span id=\"wb_uid10\"><strong>Permission to access<\/strong><\/span><\/p>\n<p>We undertake to recognize a right of access and rectification to those concerned wishing to consult, modify or even delete information concerning them.<\/p>\n<\/div>\n<div><span id=\"wb_uid10\"><strong>The exercise of this right will be:<\/strong><br \/>\nAdresse : Montr\u00e9al (Qu\u00e9bec) Canada<br \/>\nCourriel : <a href=\"mailto:la************@***il.com\" data-original-string=\"TiIoiQjjaHg7qlFnjrASlA==e75ZrGu2v6IVJGcEUKV0saWKi\/q47Rrss5Uvl7A7RCIYjs=\" title=\"This contact has been encoded by Anti-Spam by CleanTalk. Click to decode. To finish the decoding make sure that JavaScript is enabled in your browser.\"><span \n                data-original-string='n5msH4YGkBS6maeML\/Nd0g==e75iq4vGxZ2HQsu39UsrphhQqgWnmL\/HdXXP3LZX1KEcFA='\n                class='apbct-email-encoder'\n                title='This contact has been encoded by Anti-Spam by CleanTalk. Click to decode. To finish the decoding make sure that JavaScript is enabled in your browser.'>la<span class=\"apbct-blur\">************<\/span>@<span class=\"apbct-blur\">***<\/span>il.com<\/span><\/a><br \/>\nT\u00e9l\u00e9phone : <a href=\"tel:+14385256332\">(438) 525-6332<\/a><br \/>\nSection du site web : https:\/\/www.lasolution-menager.com\/<br \/>\n<\/span><\/div>\n<div><\/div>\n<div>\n<p><span id=\"wb_uid10\"><strong>Security<\/strong><\/span><\/p>\n<p>The personal information we collect is stored in a secure environment. People working for us are required to respect the confidentiality of your information.<\/p>\n<\/div>\n<div>To ensure the security of your personal information, we use the following measures: Access management \u2013 authorized person<br \/>\nDigital certificate development<br \/>\nUsername\/password We are committed to maintaining a high degree of confidentiality by integrating the latest technological innovations to ensure the confidentiality of your transactions. However, as no mechanism offers maximum security, some risk is always present when using the Internet to transmit personal information.<\/div>\n<div><\/div>\n<div><strong>Etiquette<\/strong><\/div>\n<div>\n<p>Our privacy commitments meet the requirements of the following program: https:\/\/www.comodo.com<\/p>\n<p><strong>Legislation<\/strong><\/p>\n<p>We undertake to comply with the legislative provisions set out in:<br \/>\nCanada<\/p>\n<\/div>","protected":false},"excerpt":{"rendered":"<p>Introduction Devant le d\u00e9veloppement des nouveaux outils de communication, il est n\u00e9cessaire de porter une attention particuli\u00e8re \u00e0 la protection de la vie priv\u00e9e. C&rsquo;est pourquoi,<span class=\"excerpt-hellip\"> [\u2026]<\/span><\/p>\n","protected":false},"author":1,"featured_media":0,"parent":0,"menu_order":0,"comment_status":"closed","ping_status":"closed","template":"","meta":{"footnotes":""},"class_list":["post-432","page","type-page","status-publish","hentry"],"yoast_head":"<!-- This site is optimized with the Yoast SEO plugin v27.1.1 - https:\/\/yoast.com\/product\/yoast-seo-wordpress\/ -->\n<title>Politique de confidentialit\u00e9 - Service de m\u00e9nage \u00e0 Boucherville | M\u00e9nage r\u00e9sidentiel et commercial | La Solution M\u00e9nager<\/title>\n<meta name=\"robots\" content=\"index, follow, max-snippet:-1, max-image-preview:large, max-video-preview:-1\" \/>\n<link rel=\"canonical\" href=\"https:\/\/www.lasolution-menager.com\/en\/politique-de-confidentialite\/\" \/>\n<meta property=\"og:locale\" content=\"en_US\" \/>\n<meta property=\"og:type\" content=\"article\" \/>\n<meta property=\"og:title\" content=\"Politique de confidentialit\u00e9 - Service de m\u00e9nage \u00e0 Boucherville | M\u00e9nage r\u00e9sidentiel et commercial | La Solution M\u00e9nager\" \/>\n<meta property=\"og:description\" content=\"Introduction Devant le d\u00e9veloppement des nouveaux outils de communication, il est n\u00e9cessaire de porter une attention particuli\u00e8re \u00e0 la protection de la vie priv\u00e9e. C&rsquo;est pourquoi, [\u2026]\" \/>\n<meta property=\"og:url\" content=\"https:\/\/www.lasolution-menager.com\/en\/politique-de-confidentialite\/\" \/>\n<meta property=\"og:site_name\" content=\"Service de m\u00e9nage \u00e0 Boucherville | M\u00e9nage r\u00e9sidentiel et commercial | La Solution M\u00e9nager\" \/>\n<meta property=\"article:modified_time\" content=\"2025-05-24T02:42:21+00:00\" \/>\n<meta name=\"twitter:card\" content=\"summary_large_image\" \/>\n<meta name=\"twitter:label1\" content=\"Est. reading time\" \/>\n\t<meta name=\"twitter:data1\" content=\"3 minutes\" \/>\n<script type=\"application\/ld+json\" class=\"yoast-schema-graph\">{\"@context\":\"https:\/\/schema.org\",\"@graph\":[{\"@type\":\"WebPage\",\"@id\":\"https:\/\/www.lasolution-menager.com\/politique-de-confidentialite\/\",\"url\":\"https:\/\/www.lasolution-menager.com\/politique-de-confidentialite\/\",\"name\":\"Politique de confidentialit\u00e9 - Service de m\u00e9nage \u00e0 Boucherville | M\u00e9nage r\u00e9sidentiel et commercial | La Solution M\u00e9nager\",\"isPartOf\":{\"@id\":\"https:\/\/www.lasolution-menager.com\/#website\"},\"datePublished\":\"2023-10-08T00:06:59+00:00\",\"dateModified\":\"2025-05-24T02:42:21+00:00\",\"breadcrumb\":{\"@id\":\"https:\/\/www.lasolution-menager.com\/politique-de-confidentialite\/#breadcrumb\"},\"inLanguage\":\"en-CA\",\"potentialAction\":[{\"@type\":\"ReadAction\",\"target\":[\"https:\/\/www.lasolution-menager.com\/politique-de-confidentialite\/\"]}]},{\"@type\":\"BreadcrumbList\",\"@id\":\"https:\/\/www.lasolution-menager.com\/politique-de-confidentialite\/#breadcrumb\",\"itemListElement\":[{\"@type\":\"ListItem\",\"position\":1,\"name\":\"Home\",\"item\":\"https:\/\/www.lasolution-menager.com\/\"},{\"@type\":\"ListItem\",\"position\":2,\"name\":\"Politique de confidentialit\u00e9\"}]},{\"@type\":\"WebSite\",\"@id\":\"https:\/\/www.lasolution-menager.com\/#website\",\"url\":\"https:\/\/www.lasolution-menager.com\/\",\"name\":\"Service de m\u00e9nage \u00e0 Boucherville | M\u00e9nage r\u00e9sidentiel et commercial | La Solution M\u00e9nager\",\"description\":\"\",\"potentialAction\":[{\"@type\":\"SearchAction\",\"target\":{\"@type\":\"EntryPoint\",\"urlTemplate\":\"https:\/\/www.lasolution-menager.com\/?s={search_term_string}\"},\"query-input\":{\"@type\":\"PropertyValueSpecification\",\"valueRequired\":true,\"valueName\":\"search_term_string\"}}],\"inLanguage\":\"en-CA\"}]}<\/script>\n<!-- \/ Yoast SEO plugin. -->","yoast_head_json":{"title":"Politique de confidentialit\u00e9 - Service de m\u00e9nage \u00e0 Boucherville | M\u00e9nage r\u00e9sidentiel et commercial | La Solution M\u00e9nager","robots":{"index":"index","follow":"follow","max-snippet":"max-snippet:-1","max-image-preview":"max-image-preview:large","max-video-preview":"max-video-preview:-1"},"canonical":"https:\/\/www.lasolution-menager.com\/en\/politique-de-confidentialite\/","og_locale":"en_US","og_type":"article","og_title":"Politique de confidentialit\u00e9 - Service de m\u00e9nage \u00e0 Boucherville | M\u00e9nage r\u00e9sidentiel et commercial | La Solution M\u00e9nager","og_description":"Introduction Devant le d\u00e9veloppement des nouveaux outils de communication, il est n\u00e9cessaire de porter une attention particuli\u00e8re \u00e0 la protection de la vie priv\u00e9e. C&rsquo;est pourquoi, [\u2026]","og_url":"https:\/\/www.lasolution-menager.com\/en\/politique-de-confidentialite\/","og_site_name":"Service de m\u00e9nage \u00e0 Boucherville | M\u00e9nage r\u00e9sidentiel et commercial | La Solution M\u00e9nager","article_modified_time":"2025-05-24T02:42:21+00:00","twitter_card":"summary_large_image","twitter_misc":{"Est. reading time":"3 minutes"},"schema":{"@context":"https:\/\/schema.org","@graph":[{"@type":"WebPage","@id":"https:\/\/www.lasolution-menager.com\/politique-de-confidentialite\/","url":"https:\/\/www.lasolution-menager.com\/politique-de-confidentialite\/","name":"Politique de confidentialit\u00e9 - Service de m\u00e9nage \u00e0 Boucherville | M\u00e9nage r\u00e9sidentiel et commercial | La Solution M\u00e9nager","isPartOf":{"@id":"https:\/\/www.lasolution-menager.com\/#website"},"datePublished":"2023-10-08T00:06:59+00:00","dateModified":"2025-05-24T02:42:21+00:00","breadcrumb":{"@id":"https:\/\/www.lasolution-menager.com\/politique-de-confidentialite\/#breadcrumb"},"inLanguage":"en-CA","potentialAction":[{"@type":"ReadAction","target":["https:\/\/www.lasolution-menager.com\/politique-de-confidentialite\/"]}]},{"@type":"BreadcrumbList","@id":"https:\/\/www.lasolution-menager.com\/politique-de-confidentialite\/#breadcrumb","itemListElement":[{"@type":"ListItem","position":1,"name":"Home","item":"https:\/\/www.lasolution-menager.com\/"},{"@type":"ListItem","position":2,"name":"Politique de confidentialit\u00e9"}]},{"@type":"WebSite","@id":"https:\/\/www.lasolution-menager.com\/#website","url":"https:\/\/www.lasolution-menager.com\/","name":"Service de m\u00e9nage \u00e0 Boucherville | M\u00e9nage r\u00e9sidentiel et commercial | La Solution M\u00e9nager","description":"","potentialAction":[{"@type":"SearchAction","target":{"@type":"EntryPoint","urlTemplate":"https:\/\/www.lasolution-menager.com\/?s={search_term_string}"},"query-input":{"@type":"PropertyValueSpecification","valueRequired":true,"valueName":"search_term_string"}}],"inLanguage":"en-CA"}]}},"_links":{"self":[{"href":"https:\/\/www.lasolution-menager.com\/en\/wp-json\/wp\/v2\/pages\/432","targetHints":{"allow":["GET"]}}],"collection":[{"href":"https:\/\/www.lasolution-menager.com\/en\/wp-json\/wp\/v2\/pages"}],"about":[{"href":"https:\/\/www.lasolution-menager.com\/en\/wp-json\/wp\/v2\/types\/page"}],"author":[{"embeddable":true,"href":"https:\/\/www.lasolution-menager.com\/en\/wp-json\/wp\/v2\/users\/1"}],"replies":[{"embeddable":true,"href":"https:\/\/www.lasolution-menager.com\/en\/wp-json\/wp\/v2\/comments?post=432"}],"version-history":[{"count":14,"href":"https:\/\/www.lasolution-menager.com\/en\/wp-json\/wp\/v2\/pages\/432\/revisions"}],"predecessor-version":[{"id":655,"href":"https:\/\/www.lasolution-menager.com\/en\/wp-json\/wp\/v2\/pages\/432\/revisions\/655"}],"wp:attachment":[{"href":"https:\/\/www.lasolution-menager.com\/en\/wp-json\/wp\/v2\/media?parent=432"}],"curies":[{"name":"wp","href":"https:\/\/api.w.org\/{rel}","templated":true}]}}