{"id":672,"date":"2026-03-12T00:29:41","date_gmt":"2026-03-12T00:29:41","guid":{"rendered":"https:\/\/www.lasolution-menager.com\/?page_id=672"},"modified":"2026-03-12T00:30:59","modified_gmt":"2026-03-12T00:30:59","slug":"conseils","status":"publish","type":"page","link":"https:\/\/www.lasolution-menager.com\/en\/conseils\/","title":{"rendered":"Conseils"},"content":{"rendered":"<div data-elementor-type=\"wp-page\" data-elementor-id=\"672\" class=\"elementor elementor-672\" data-elementor-post-type=\"page\">\n\t\t\t\t\t\t<section class=\"elementor-section elementor-top-section elementor-element elementor-element-9cd8930 elementor-section-boxed elementor-section-height-default elementor-section-height-default\" data-id=\"9cd8930\" data-element_type=\"section\" data-e-type=\"section\">\n\t\t\t\t\t\t<div class=\"elementor-container elementor-column-gap-default\">\n\t\t\t\t\t<div class=\"elementor-column elementor-col-100 elementor-top-column elementor-element elementor-element-c6041df\" data-id=\"c6041df\" data-element_type=\"column\" data-e-type=\"column\">\n\t\t\t<div class=\"elementor-widget-wrap elementor-element-populated\">\n\t\t\t\t\t\t<div class=\"elementor-element elementor-element-93f837c elementor-grid-1 elementor-grid-tablet-2 elementor-grid-mobile-1 elementor-posts--thumbnail-top elementor-card-shadow-yes elementor-posts__hover-gradient elementor-widget elementor-widget-posts\" data-id=\"93f837c\" data-element_type=\"widget\" data-e-type=\"widget\" data-settings=\"{&quot;cards_columns&quot;:&quot;1&quot;,&quot;cards_columns_tablet&quot;:&quot;2&quot;,&quot;cards_columns_mobile&quot;:&quot;1&quot;,&quot;cards_row_gap&quot;:{&quot;unit&quot;:&quot;px&quot;,&quot;size&quot;:35,&quot;sizes&quot;:[]},&quot;cards_row_gap_tablet&quot;:{&quot;unit&quot;:&quot;px&quot;,&quot;size&quot;:&quot;&quot;,&quot;sizes&quot;:[]},&quot;cards_row_gap_mobile&quot;:{&quot;unit&quot;:&quot;px&quot;,&quot;size&quot;:&quot;&quot;,&quot;sizes&quot;:[]}}\" data-widget_type=\"posts.cards\">\n\t\t\t\t<div class=\"elementor-widget-container\">\n\t\t\t\t\t\t\t<div class=\"elementor-posts-container elementor-posts elementor-posts--skin-cards elementor-grid\">\n\t\t\t\t<article class=\"elementor-post elementor-grid-item post-670 post type-post status-publish format-standard has-post-thumbnail hentry category-non-classe\">\n\t\t\t<div class=\"elementor-post__card\">\n\t\t\t\t<a class=\"elementor-post__thumbnail__link\" href=\"https:\/\/www.lasolution-menager.com\/en\/pourquoi-le-lavage-de-fenetres-est-essentiel-pour-votre-maison\/\" tabindex=\"-1\" ><div class=\"elementor-post__thumbnail\"><img fetchpriority=\"high\" decoding=\"async\" width=\"2000\" height=\"1341\" src=\"https:\/\/www.lasolution-menager.com\/wp-content\/uploads\/2026\/03\/04.jpg\" class=\"attachment-full size-full wp-image-680\" alt=\"\" srcset=\"https:\/\/www.lasolution-menager.com\/wp-content\/uploads\/2026\/03\/04.jpg 2000w, https:\/\/www.lasolution-menager.com\/wp-content\/uploads\/2026\/03\/04-300x201.jpg 300w, https:\/\/www.lasolution-menager.com\/wp-content\/uploads\/2026\/03\/04-1024x687.jpg 1024w, https:\/\/www.lasolution-menager.com\/wp-content\/uploads\/2026\/03\/04-768x515.jpg 768w, https:\/\/www.lasolution-menager.com\/wp-content\/uploads\/2026\/03\/04-1536x1030.jpg 1536w, https:\/\/www.lasolution-menager.com\/wp-content\/uploads\/2026\/03\/04-18x12.jpg 18w, https:\/\/www.lasolution-menager.com\/wp-content\/uploads\/2026\/03\/04-218x146.jpg 218w, https:\/\/www.lasolution-menager.com\/wp-content\/uploads\/2026\/03\/04-50x34.jpg 50w, https:\/\/www.lasolution-menager.com\/wp-content\/uploads\/2026\/03\/04-112x75.jpg 112w\" sizes=\"(max-width: 2000px) 100vw, 2000px\" \/><\/div><\/a>\n\t\t\t\t<div class=\"elementor-post__text\">\n\t\t\t\t<h3 class=\"elementor-post__title\">\n\t\t\t<a href=\"https:\/\/www.lasolution-menager.com\/en\/pourquoi-le-lavage-de-fenetres-est-essentiel-pour-votre-maison\/\" >\n\t\t\t\tPourquoi le lavage de fen\u00eatres est essentiel pour votre maison\t\t\t<\/a>\n\t\t<\/h3>\n\t\t\t\t<div class=\"elementor-post__excerpt\">\n\t\t\t<p>Les fen\u00eatres jouent un r\u00f4le important dans le confort d\u2019une maison. Elles permettent \u00e0 la lumi\u00e8re naturelle d\u2019entrer et contribuent \u00e0 l\u2019apparence g\u00e9n\u00e9rale de votre propri\u00e9t\u00e9.<\/p>\n\t\t<\/div>\n\t\t\n\t\t<a class=\"elementor-post__read-more\" href=\"https:\/\/www.lasolution-menager.com\/en\/pourquoi-le-lavage-de-fenetres-est-essentiel-pour-votre-maison\/\" aria-label=\"Read more about Pourquoi le lavage de fen\u00eatres est essentiel pour votre maison\" tabindex=\"-1\" >\n\t\t\tLire la suite \u00bb\t\t<\/a>\n\n\t\t\t\t<\/div>\n\t\t\t\t<div class=\"elementor-post__meta-data\">\n\t\t\t\t\t<span class=\"elementor-post-date\">\n\t\t\t12 March 2026\t\t<\/span>\n\t\t\t\t<\/div>\n\t\t\t\t\t<\/div>\n\t\t<\/article>\n\t\t\t\t<article class=\"elementor-post elementor-grid-item post-668 post type-post status-publish format-standard has-post-thumbnail hentry category-non-classe\">\n\t\t\t<div class=\"elementor-post__card\">\n\t\t\t\t<a class=\"elementor-post__thumbnail__link\" href=\"https:\/\/www.lasolution-menager.com\/en\/comment-garder-une-maison-propre-toute-lannee\/\" tabindex=\"-1\" ><div class=\"elementor-post__thumbnail\"><img decoding=\"async\" width=\"2000\" height=\"1305\" src=\"https:\/\/www.lasolution-menager.com\/wp-content\/uploads\/2026\/03\/03.jpg\" class=\"attachment-full size-full wp-image-679\" alt=\"\" srcset=\"https:\/\/www.lasolution-menager.com\/wp-content\/uploads\/2026\/03\/03.jpg 2000w, https:\/\/www.lasolution-menager.com\/wp-content\/uploads\/2026\/03\/03-300x196.jpg 300w, https:\/\/www.lasolution-menager.com\/wp-content\/uploads\/2026\/03\/03-1024x668.jpg 1024w, https:\/\/www.lasolution-menager.com\/wp-content\/uploads\/2026\/03\/03-768x501.jpg 768w, https:\/\/www.lasolution-menager.com\/wp-content\/uploads\/2026\/03\/03-1536x1002.jpg 1536w, https:\/\/www.lasolution-menager.com\/wp-content\/uploads\/2026\/03\/03-18x12.jpg 18w, https:\/\/www.lasolution-menager.com\/wp-content\/uploads\/2026\/03\/03-224x146.jpg 224w, https:\/\/www.lasolution-menager.com\/wp-content\/uploads\/2026\/03\/03-50x33.jpg 50w, https:\/\/www.lasolution-menager.com\/wp-content\/uploads\/2026\/03\/03-115x75.jpg 115w\" sizes=\"(max-width: 2000px) 100vw, 2000px\" \/><\/div><\/a>\n\t\t\t\t<div class=\"elementor-post__text\">\n\t\t\t\t<h3 class=\"elementor-post__title\">\n\t\t\t<a href=\"https:\/\/www.lasolution-menager.com\/en\/comment-garder-une-maison-propre-toute-lannee\/\" >\n\t\t\t\tComment garder une maison propre toute l\u2019ann\u00e9e\t\t\t<\/a>\n\t\t<\/h3>\n\t\t\t\t<div class=\"elementor-post__excerpt\">\n\t\t\t<p>Une maison propre contribue directement au confort et au bien-\u00eatre des occupants. Pourtant, il peut \u00eatre difficile de maintenir un environnement impeccable au quotidien. Voici quelques<\/p>\n\t\t<\/div>\n\t\t\n\t\t<a class=\"elementor-post__read-more\" href=\"https:\/\/www.lasolution-menager.com\/en\/comment-garder-une-maison-propre-toute-lannee\/\" aria-label=\"Read more about Pourquoi le lavage de fen\u00eatres est essentiel pour votre maison\" tabindex=\"-1\" >\n\t\t\tLire la suite \u00bb\t\t<\/a>\n\n\t\t\t\t<\/div>\n\t\t\t\t<div class=\"elementor-post__meta-data\">\n\t\t\t\t\t<span class=\"elementor-post-date\">\n\t\t\t12 March 2026\t\t<\/span>\n\t\t\t\t<\/div>\n\t\t\t\t\t<\/div>\n\t\t<\/article>\n\t\t\t\t<article class=\"elementor-post elementor-grid-item post-666 post type-post status-publish format-standard has-post-thumbnail hentry category-non-classe\">\n\t\t\t<div class=\"elementor-post__card\">\n\t\t\t\t<a class=\"elementor-post__thumbnail__link\" href=\"https:\/\/www.lasolution-menager.com\/en\/grand-menage-pourquoi-faire-un-nettoyage-en-profondeur-de-votre-maison\/\" tabindex=\"-1\" ><div class=\"elementor-post__thumbnail\"><img decoding=\"async\" width=\"2000\" height=\"1298\" src=\"https:\/\/www.lasolution-menager.com\/wp-content\/uploads\/2026\/03\/02.jpg\" class=\"attachment-full size-full wp-image-678\" alt=\"\" srcset=\"https:\/\/www.lasolution-menager.com\/wp-content\/uploads\/2026\/03\/02.jpg 2000w, https:\/\/www.lasolution-menager.com\/wp-content\/uploads\/2026\/03\/02-300x195.jpg 300w, https:\/\/www.lasolution-menager.com\/wp-content\/uploads\/2026\/03\/02-1024x665.jpg 1024w, https:\/\/www.lasolution-menager.com\/wp-content\/uploads\/2026\/03\/02-768x498.jpg 768w, https:\/\/www.lasolution-menager.com\/wp-content\/uploads\/2026\/03\/02-1536x997.jpg 1536w, https:\/\/www.lasolution-menager.com\/wp-content\/uploads\/2026\/03\/02-18x12.jpg 18w, https:\/\/www.lasolution-menager.com\/wp-content\/uploads\/2026\/03\/02-225x146.jpg 225w, https:\/\/www.lasolution-menager.com\/wp-content\/uploads\/2026\/03\/02-50x32.jpg 50w, https:\/\/www.lasolution-menager.com\/wp-content\/uploads\/2026\/03\/02-116x75.jpg 116w\" sizes=\"(max-width: 2000px) 100vw, 2000px\" \/><\/div><\/a>\n\t\t\t\t<div class=\"elementor-post__text\">\n\t\t\t\t<h3 class=\"elementor-post__title\">\n\t\t\t<a href=\"https:\/\/www.lasolution-menager.com\/en\/grand-menage-pourquoi-faire-un-nettoyage-en-profondeur-de-votre-maison\/\" >\n\t\t\t\tGrand m\u00e9nage : pourquoi faire un nettoyage en profondeur de votre maison ?\t\t\t<\/a>\n\t\t<\/h3>\n\t\t\t\t<div class=\"elementor-post__excerpt\">\n\t\t\t<p>M\u00eame lorsque l\u2019entretien r\u00e9gulier est bien fait, certaines zones de la maison n\u00e9cessitent un nettoyage plus approfondi. C\u2019est l\u00e0 qu\u2019intervient le grand m\u00e9nage, une \u00e9tape importante<\/p>\n\t\t<\/div>\n\t\t\n\t\t<a class=\"elementor-post__read-more\" href=\"https:\/\/www.lasolution-menager.com\/en\/grand-menage-pourquoi-faire-un-nettoyage-en-profondeur-de-votre-maison\/\" aria-label=\"Read more about Pourquoi le lavage de fen\u00eatres est essentiel pour votre maison\" tabindex=\"-1\" >\n\t\t\tLire la suite \u00bb\t\t<\/a>\n\n\t\t\t\t<\/div>\n\t\t\t\t<div class=\"elementor-post__meta-data\">\n\t\t\t\t\t<span class=\"elementor-post-date\">\n\t\t\t12 March 2026\t\t<\/span>\n\t\t\t\t<\/div>\n\t\t\t\t\t<\/div>\n\t\t<\/article>\n\t\t\t\t<article class=\"elementor-post elementor-grid-item post-664 post type-post status-publish format-standard has-post-thumbnail hentry category-non-classe\">\n\t\t\t<div class=\"elementor-post__card\">\n\t\t\t\t<a class=\"elementor-post__thumbnail__link\" href=\"https:\/\/www.lasolution-menager.com\/en\/pourquoi-faire-appel-a-un-service-de-menage-professionnel-a-boucherville\/\" tabindex=\"-1\" ><div class=\"elementor-post__thumbnail\"><img loading=\"lazy\" decoding=\"async\" width=\"2000\" height=\"1300\" src=\"https:\/\/www.lasolution-menager.com\/wp-content\/uploads\/2026\/03\/01.jpg\" class=\"attachment-full size-full wp-image-677\" alt=\"\" srcset=\"https:\/\/www.lasolution-menager.com\/wp-content\/uploads\/2026\/03\/01.jpg 2000w, https:\/\/www.lasolution-menager.com\/wp-content\/uploads\/2026\/03\/01-300x195.jpg 300w, https:\/\/www.lasolution-menager.com\/wp-content\/uploads\/2026\/03\/01-1024x666.jpg 1024w, https:\/\/www.lasolution-menager.com\/wp-content\/uploads\/2026\/03\/01-768x499.jpg 768w, https:\/\/www.lasolution-menager.com\/wp-content\/uploads\/2026\/03\/01-1536x998.jpg 1536w, https:\/\/www.lasolution-menager.com\/wp-content\/uploads\/2026\/03\/01-18x12.jpg 18w, https:\/\/www.lasolution-menager.com\/wp-content\/uploads\/2026\/03\/01-225x146.jpg 225w, https:\/\/www.lasolution-menager.com\/wp-content\/uploads\/2026\/03\/01-50x33.jpg 50w, https:\/\/www.lasolution-menager.com\/wp-content\/uploads\/2026\/03\/01-115x75.jpg 115w\" sizes=\"(max-width: 2000px) 100vw, 2000px\" \/><\/div><\/a>\n\t\t\t\t<div class=\"elementor-post__text\">\n\t\t\t\t<h3 class=\"elementor-post__title\">\n\t\t\t<a href=\"https:\/\/www.lasolution-menager.com\/en\/pourquoi-faire-appel-a-un-service-de-menage-professionnel-a-boucherville\/\" >\n\t\t\t\tPourquoi faire appel \u00e0 un service de m\u00e9nage professionnel \u00e0 Boucherville ?\t\t\t<\/a>\n\t\t<\/h3>\n\t\t\t\t<div class=\"elementor-post__excerpt\">\n\t\t\t<p>Maintenir une maison propre demande du temps, de l\u2019\u00e9nergie et une certaine organisation. Entre le travail, les obligations familiales et les impr\u00e9vus du quotidien, il devient<\/p>\n\t\t<\/div>\n\t\t\n\t\t<a class=\"elementor-post__read-more\" href=\"https:\/\/www.lasolution-menager.com\/en\/pourquoi-faire-appel-a-un-service-de-menage-professionnel-a-boucherville\/\" aria-label=\"Read more about Pourquoi le lavage de fen\u00eatres est essentiel pour votre maison\" tabindex=\"-1\" >\n\t\t\tLire la suite \u00bb\t\t<\/a>\n\n\t\t\t\t<\/div>\n\t\t\t\t<div class=\"elementor-post__meta-data\">\n\t\t\t\t\t<span class=\"elementor-post-date\">\n\t\t\t12 March 2026\t\t<\/span>\n\t\t\t\t<\/div>\n\t\t\t\t\t<\/div>\n\t\t<\/article>\n\t\t\t\t<\/div>\n\t\t\n\t\t\t\t\t\t<\/div>\n\t\t\t\t<\/div>\n\t\t\t\t\t<\/div>\n\t\t<\/div>\n\t\t\t\t\t<\/div>\n\t\t<\/section>\n\t\t\t\t<\/div>","protected":false},"excerpt":{"rendered":"","protected":false},"author":1,"featured_media":0,"parent":0,"menu_order":0,"comment_status":"closed","ping_status":"closed","template":"","meta":{"footnotes":""},"class_list":["post-672","page","type-page","status-publish","hentry"],"yoast_head":"<!-- This site is optimized with the Yoast SEO plugin v27.4 - https:\/\/yoast.com\/product\/yoast-seo-wordpress\/ -->\n<title>Conseils - Service de m\u00e9nage \u00e0 Boucherville | M\u00e9nage r\u00e9sidentiel et commercial | La Solution M\u00e9nager<\/title>\n<meta name=\"robots\" content=\"index, follow, max-snippet:-1, max-image-preview:large, max-video-preview:-1\" \/>\n<link rel=\"canonical\" href=\"https:\/\/www.lasolution-menager.com\/en\/conseils\/\" \/>\n<meta property=\"og:locale\" content=\"en_US\" \/>\n<meta property=\"og:type\" content=\"article\" \/>\n<meta property=\"og:title\" content=\"Conseils - Service de m\u00e9nage \u00e0 Boucherville | M\u00e9nage r\u00e9sidentiel et commercial | La Solution M\u00e9nager\" \/>\n<meta property=\"og:url\" content=\"https:\/\/www.lasolution-menager.com\/en\/conseils\/\" \/>\n<meta property=\"og:site_name\" content=\"Service de m\u00e9nage \u00e0 Boucherville | M\u00e9nage r\u00e9sidentiel et commercial | La Solution M\u00e9nager\" \/>\n<meta property=\"article:modified_time\" content=\"2026-03-12T00:30:59+00:00\" \/>\n<meta name=\"twitter:card\" content=\"summary_large_image\" \/>\n<meta name=\"twitter:label1\" content=\"Est. reading time\" \/>\n\t<meta name=\"twitter:data1\" content=\"4 minutes\" \/>\n<script type=\"application\/ld+json\" class=\"yoast-schema-graph\">{\"@context\":\"https:\\\/\\\/schema.org\",\"@graph\":[{\"@type\":\"WebPage\",\"@id\":\"https:\\\/\\\/www.lasolution-menager.com\\\/conseils\\\/\",\"url\":\"https:\\\/\\\/www.lasolution-menager.com\\\/conseils\\\/\",\"name\":\"Conseils - Service de m\u00e9nage \u00e0 Boucherville | M\u00e9nage r\u00e9sidentiel et commercial | La Solution M\u00e9nager\",\"isPartOf\":{\"@id\":\"https:\\\/\\\/www.lasolution-menager.com\\\/#website\"},\"datePublished\":\"2026-03-12T00:29:41+00:00\",\"dateModified\":\"2026-03-12T00:30:59+00:00\",\"breadcrumb\":{\"@id\":\"https:\\\/\\\/www.lasolution-menager.com\\\/conseils\\\/#breadcrumb\"},\"inLanguage\":\"en-CA\",\"potentialAction\":[{\"@type\":\"ReadAction\",\"target\":[\"https:\\\/\\\/www.lasolution-menager.com\\\/conseils\\\/\"]}]},{\"@type\":\"BreadcrumbList\",\"@id\":\"https:\\\/\\\/www.lasolution-menager.com\\\/conseils\\\/#breadcrumb\",\"itemListElement\":[{\"@type\":\"ListItem\",\"position\":1,\"name\":\"Home\",\"item\":\"https:\\\/\\\/www.lasolution-menager.com\\\/\"},{\"@type\":\"ListItem\",\"position\":2,\"name\":\"Conseils\"}]},{\"@type\":\"WebSite\",\"@id\":\"https:\\\/\\\/www.lasolution-menager.com\\\/#website\",\"url\":\"https:\\\/\\\/www.lasolution-menager.com\\\/\",\"name\":\"Service de m\u00e9nage \u00e0 Boucherville | M\u00e9nage r\u00e9sidentiel et commercial | La Solution M\u00e9nager\",\"description\":\"\",\"potentialAction\":[{\"@type\":\"SearchAction\",\"target\":{\"@type\":\"EntryPoint\",\"urlTemplate\":\"https:\\\/\\\/www.lasolution-menager.com\\\/?s={search_term_string}\"},\"query-input\":{\"@type\":\"PropertyValueSpecification\",\"valueRequired\":true,\"valueName\":\"search_term_string\"}}],\"inLanguage\":\"en-CA\"}]}<\/script>\n<!-- \/ Yoast SEO plugin. -->","yoast_head_json":{"title":"Conseils - Service de m\u00e9nage \u00e0 Boucherville | M\u00e9nage r\u00e9sidentiel et commercial | La Solution M\u00e9nager","robots":{"index":"index","follow":"follow","max-snippet":"max-snippet:-1","max-image-preview":"max-image-preview:large","max-video-preview":"max-video-preview:-1"},"canonical":"https:\/\/www.lasolution-menager.com\/en\/conseils\/","og_locale":"en_US","og_type":"article","og_title":"Conseils - Service de m\u00e9nage \u00e0 Boucherville | M\u00e9nage r\u00e9sidentiel et commercial | La Solution M\u00e9nager","og_url":"https:\/\/www.lasolution-menager.com\/en\/conseils\/","og_site_name":"Service de m\u00e9nage \u00e0 Boucherville | M\u00e9nage r\u00e9sidentiel et commercial | La Solution M\u00e9nager","article_modified_time":"2026-03-12T00:30:59+00:00","twitter_card":"summary_large_image","twitter_misc":{"Est. reading time":"4 minutes"},"schema":{"@context":"https:\/\/schema.org","@graph":[{"@type":"WebPage","@id":"https:\/\/www.lasolution-menager.com\/conseils\/","url":"https:\/\/www.lasolution-menager.com\/conseils\/","name":"Conseils - Service de m\u00e9nage \u00e0 Boucherville | M\u00e9nage r\u00e9sidentiel et commercial | La Solution M\u00e9nager","isPartOf":{"@id":"https:\/\/www.lasolution-menager.com\/#website"},"datePublished":"2026-03-12T00:29:41+00:00","dateModified":"2026-03-12T00:30:59+00:00","breadcrumb":{"@id":"https:\/\/www.lasolution-menager.com\/conseils\/#breadcrumb"},"inLanguage":"en-CA","potentialAction":[{"@type":"ReadAction","target":["https:\/\/www.lasolution-menager.com\/conseils\/"]}]},{"@type":"BreadcrumbList","@id":"https:\/\/www.lasolution-menager.com\/conseils\/#breadcrumb","itemListElement":[{"@type":"ListItem","position":1,"name":"Home","item":"https:\/\/www.lasolution-menager.com\/"},{"@type":"ListItem","position":2,"name":"Conseils"}]},{"@type":"WebSite","@id":"https:\/\/www.lasolution-menager.com\/#website","url":"https:\/\/www.lasolution-menager.com\/","name":"Service de m\u00e9nage \u00e0 Boucherville | M\u00e9nage r\u00e9sidentiel et commercial | La Solution M\u00e9nager","description":"","potentialAction":[{"@type":"SearchAction","target":{"@type":"EntryPoint","urlTemplate":"https:\/\/www.lasolution-menager.com\/?s={search_term_string}"},"query-input":{"@type":"PropertyValueSpecification","valueRequired":true,"valueName":"search_term_string"}}],"inLanguage":"en-CA"}]}},"_links":{"self":[{"href":"https:\/\/www.lasolution-menager.com\/en\/wp-json\/wp\/v2\/pages\/672","targetHints":{"allow":["GET"]}}],"collection":[{"href":"https:\/\/www.lasolution-menager.com\/en\/wp-json\/wp\/v2\/pages"}],"about":[{"href":"https:\/\/www.lasolution-menager.com\/en\/wp-json\/wp\/v2\/types\/page"}],"author":[{"embeddable":true,"href":"https:\/\/www.lasolution-menager.com\/en\/wp-json\/wp\/v2\/users\/1"}],"replies":[{"embeddable":true,"href":"https:\/\/www.lasolution-menager.com\/en\/wp-json\/wp\/v2\/comments?post=672"}],"version-history":[{"count":4,"href":"https:\/\/www.lasolution-menager.com\/en\/wp-json\/wp\/v2\/pages\/672\/revisions"}],"predecessor-version":[{"id":676,"href":"https:\/\/www.lasolution-menager.com\/en\/wp-json\/wp\/v2\/pages\/672\/revisions\/676"}],"wp:attachment":[{"href":"https:\/\/www.lasolution-menager.com\/en\/wp-json\/wp\/v2\/media?parent=672"}],"curies":[{"name":"wp","href":"https:\/\/api.w.org\/{rel}","templated":true}]}}