{"id":125,"date":"2022-05-13T02:06:27","date_gmt":"2022-05-13T02:06:27","guid":{"rendered":"http:\/\/bildo.ca\/vitra\/?page_id=125"},"modified":"2022-05-23T00:00:40","modified_gmt":"2022-05-23T00:00:40","slug":"obtenir-une-soumission","status":"publish","type":"page","link":"https:\/\/www.lasolution-menager.com\/fr\/obtenir-une-soumission\/","title":{"rendered":"OBTENIR UNE SOUMISSION"},"content":{"rendered":"","protected":false},"excerpt":{"rendered":"","protected":false},"author":1,"featured_media":0,"parent":0,"menu_order":0,"comment_status":"open","ping_status":"open","template":"","meta":{"footnotes":""},"class_list":["post-125","page","type-page","status-publish","hentry"],"yoast_head":"<!-- This site is optimized with the Yoast SEO plugin v27.1.1 - https:\/\/yoast.com\/product\/yoast-seo-wordpress\/ -->\n<title>OBTENIR UNE SOUMISSION - Service de m\u00e9nage \u00e0 Boucherville | M\u00e9nage r\u00e9sidentiel et commercial | La Solution M\u00e9nager<\/title>\n<meta name=\"robots\" content=\"index, follow, max-snippet:-1, max-image-preview:large, max-video-preview:-1\" \/>\n<link rel=\"canonical\" href=\"https:\/\/www.lasolution-menager.com\/fr\/obtenir-une-soumission\/\" \/>\n<meta property=\"og:locale\" content=\"fr_FR\" \/>\n<meta property=\"og:type\" content=\"article\" \/>\n<meta property=\"og:title\" content=\"OBTENIR UNE SOUMISSION - Service de m\u00e9nage \u00e0 Boucherville | M\u00e9nage r\u00e9sidentiel et commercial | La Solution M\u00e9nager\" \/>\n<meta property=\"og:url\" content=\"https:\/\/www.lasolution-menager.com\/fr\/obtenir-une-soumission\/\" \/>\n<meta property=\"og:site_name\" content=\"Service de m\u00e9nage \u00e0 Boucherville | M\u00e9nage r\u00e9sidentiel et commercial | La Solution M\u00e9nager\" \/>\n<meta property=\"article:modified_time\" content=\"2022-05-23T00:00:40+00:00\" \/>\n<meta name=\"twitter:card\" content=\"summary_large_image\" \/>\n<script type=\"application\/ld+json\" class=\"yoast-schema-graph\">{\"@context\":\"https:\/\/schema.org\",\"@graph\":[{\"@type\":\"WebPage\",\"@id\":\"https:\/\/www.lasolution-menager.com\/obtenir-une-soumission\/\",\"url\":\"https:\/\/www.lasolution-menager.com\/obtenir-une-soumission\/\",\"name\":\"OBTENIR UNE SOUMISSION - Service de m\u00e9nage \u00e0 Boucherville | M\u00e9nage r\u00e9sidentiel et commercial | La Solution M\u00e9nager\",\"isPartOf\":{\"@id\":\"https:\/\/www.lasolution-menager.com\/#website\"},\"datePublished\":\"2022-05-13T02:06:27+00:00\",\"dateModified\":\"2022-05-23T00:00:40+00:00\",\"breadcrumb\":{\"@id\":\"https:\/\/www.lasolution-menager.com\/obtenir-une-soumission\/#breadcrumb\"},\"inLanguage\":\"fr-FR\",\"potentialAction\":[{\"@type\":\"ReadAction\",\"target\":[\"https:\/\/www.lasolution-menager.com\/obtenir-une-soumission\/\"]}]},{\"@type\":\"BreadcrumbList\",\"@id\":\"https:\/\/www.lasolution-menager.com\/obtenir-une-soumission\/#breadcrumb\",\"itemListElement\":[{\"@type\":\"ListItem\",\"position\":1,\"name\":\"Home\",\"item\":\"https:\/\/www.lasolution-menager.com\/\"},{\"@type\":\"ListItem\",\"position\":2,\"name\":\"OBTENIR UNE SOUMISSION\"}]},{\"@type\":\"WebSite\",\"@id\":\"https:\/\/www.lasolution-menager.com\/#website\",\"url\":\"https:\/\/www.lasolution-menager.com\/\",\"name\":\"Service de m\u00e9nage \u00e0 Boucherville | M\u00e9nage r\u00e9sidentiel et commercial | La Solution M\u00e9nager\",\"description\":\"\",\"potentialAction\":[{\"@type\":\"SearchAction\",\"target\":{\"@type\":\"EntryPoint\",\"urlTemplate\":\"https:\/\/www.lasolution-menager.com\/?s={search_term_string}\"},\"query-input\":{\"@type\":\"PropertyValueSpecification\",\"valueRequired\":true,\"valueName\":\"search_term_string\"}}],\"inLanguage\":\"fr-FR\"}]}<\/script>\n<!-- \/ Yoast SEO plugin. -->","yoast_head_json":{"title":"OBTENIR UNE SOUMISSION - Service de m\u00e9nage \u00e0 Boucherville | M\u00e9nage r\u00e9sidentiel et commercial | La Solution M\u00e9nager","robots":{"index":"index","follow":"follow","max-snippet":"max-snippet:-1","max-image-preview":"max-image-preview:large","max-video-preview":"max-video-preview:-1"},"canonical":"https:\/\/www.lasolution-menager.com\/fr\/obtenir-une-soumission\/","og_locale":"fr_FR","og_type":"article","og_title":"OBTENIR UNE SOUMISSION - Service de m\u00e9nage \u00e0 Boucherville | M\u00e9nage r\u00e9sidentiel et commercial | La Solution M\u00e9nager","og_url":"https:\/\/www.lasolution-menager.com\/fr\/obtenir-une-soumission\/","og_site_name":"Service de m\u00e9nage \u00e0 Boucherville | M\u00e9nage r\u00e9sidentiel et commercial | La Solution M\u00e9nager","article_modified_time":"2022-05-23T00:00:40+00:00","twitter_card":"summary_large_image","schema":{"@context":"https:\/\/schema.org","@graph":[{"@type":"WebPage","@id":"https:\/\/www.lasolution-menager.com\/obtenir-une-soumission\/","url":"https:\/\/www.lasolution-menager.com\/obtenir-une-soumission\/","name":"OBTENIR UNE SOUMISSION - Service de m\u00e9nage \u00e0 Boucherville | M\u00e9nage r\u00e9sidentiel et commercial | La Solution M\u00e9nager","isPartOf":{"@id":"https:\/\/www.lasolution-menager.com\/#website"},"datePublished":"2022-05-13T02:06:27+00:00","dateModified":"2022-05-23T00:00:40+00:00","breadcrumb":{"@id":"https:\/\/www.lasolution-menager.com\/obtenir-une-soumission\/#breadcrumb"},"inLanguage":"fr-FR","potentialAction":[{"@type":"ReadAction","target":["https:\/\/www.lasolution-menager.com\/obtenir-une-soumission\/"]}]},{"@type":"BreadcrumbList","@id":"https:\/\/www.lasolution-menager.com\/obtenir-une-soumission\/#breadcrumb","itemListElement":[{"@type":"ListItem","position":1,"name":"Home","item":"https:\/\/www.lasolution-menager.com\/"},{"@type":"ListItem","position":2,"name":"OBTENIR UNE SOUMISSION"}]},{"@type":"WebSite","@id":"https:\/\/www.lasolution-menager.com\/#website","url":"https:\/\/www.lasolution-menager.com\/","name":"Service de m\u00e9nage \u00e0 Boucherville | M\u00e9nage r\u00e9sidentiel et commercial | La Solution M\u00e9nager","description":"","potentialAction":[{"@type":"SearchAction","target":{"@type":"EntryPoint","urlTemplate":"https:\/\/www.lasolution-menager.com\/?s={search_term_string}"},"query-input":{"@type":"PropertyValueSpecification","valueRequired":true,"valueName":"search_term_string"}}],"inLanguage":"fr-FR"}]}},"_links":{"self":[{"href":"https:\/\/www.lasolution-menager.com\/fr\/wp-json\/wp\/v2\/pages\/125","targetHints":{"allow":["GET"]}}],"collection":[{"href":"https:\/\/www.lasolution-menager.com\/fr\/wp-json\/wp\/v2\/pages"}],"about":[{"href":"https:\/\/www.lasolution-menager.com\/fr\/wp-json\/wp\/v2\/types\/page"}],"author":[{"embeddable":true,"href":"https:\/\/www.lasolution-menager.com\/fr\/wp-json\/wp\/v2\/users\/1"}],"replies":[{"embeddable":true,"href":"https:\/\/www.lasolution-menager.com\/fr\/wp-json\/wp\/v2\/comments?post=125"}],"version-history":[{"count":1,"href":"https:\/\/www.lasolution-menager.com\/fr\/wp-json\/wp\/v2\/pages\/125\/revisions"}],"predecessor-version":[{"id":126,"href":"https:\/\/www.lasolution-menager.com\/fr\/wp-json\/wp\/v2\/pages\/125\/revisions\/126"}],"wp:attachment":[{"href":"https:\/\/www.lasolution-menager.com\/fr\/wp-json\/wp\/v2\/media?parent=125"}],"curies":[{"name":"wp","href":"https:\/\/api.w.org\/{rel}","templated":true}]}}